{"id":144,"date":"2025-08-09T11:42:51","date_gmt":"2025-08-09T11:42:51","guid":{"rendered":"https:\/\/hurarslan.kodektif.com\/?page_id=144"},"modified":"2025-08-28T10:03:32","modified_gmt":"2025-08-28T10:03:32","slug":"hakkimizda","status":"publish","type":"page","link":"https:\/\/drshurarslan.com\/en\/hakkimizda\/","title":{"rendered":"About Us"},"content":{"rendered":"<div class=\"wpb-content-wrapper\"><div id=\"text-row\" class=\"vc_row wpb_row vc_row-fluid vc_row-o-equal-height vc_row-flex wd-rs-6897586e7b35f\"><div class=\"wpb_column vc_column_container vc_col-sm-6 woodmart-sticky-column wd_sticky_offset_150 wd-rs-6897587390947\"><div class=\"vc_column-inner\"><div class=\"wpb_wrapper\">\t\t<div id=\"wd-68b0295c2c6af\" class=\"wd-text-block wd-wpb reset-last-child wd-rs-68b0295c2c6af text-left\">\n\t\t\t<div class=\"text-content\">\n<h1>About Us<\/h1>\n<p>Drs H\u00fcrarslan is one of \u0130neg\u00f6l's leading manufacturers of modular furniture and seating, committed to consumer satisfaction. Operating with a modern design approach, our company's foundation dates back to 1987. Founded in 1987, our company now holds a strong position in the industry with its 10,000 m\u00b2 production area and modern facility infrastructure.<\/p>\n<p>In addition to our unique designs, we create customized furniture tailored to individual and specific needs, tailoring solutions to meet customer needs. We also offer custom furniture solutions for architectural projects of various scales, particularly residential and hotel projects. Our goal is to enhance your living spaces with a wide range of models and a wide variety of colors and fabrics.<\/p>\n<p>We prioritize quality and durability, and we prioritize offering our products at affordable prices. All our products are covered by a two-year warranty. Our high-standard production capacity allows us to reach a broad customer base both domestically and internationally.<\/p>\n<p>Our most important commitment, as it has been until today, is to provide reliable and sustainable solutions to our customers by maintaining our service and quality standards at the highest level.<\/p>\n<\/div>\n\t\t<\/div>\n\t\t<\/div><\/div><\/div><div class=\"wpb_column vc_column_container vc_col-sm-6\"><div class=\"vc_column-inner\"><div class=\"wpb_wrapper\">\t\t<div id=\"wd-6897580682bc8\" class=\"wd-image wd-wpb wd-rs-6897580682bc8 text-left\">\n\t\t\t\n\t\t\t<img loading=\"lazy\" decoding=\"async\" width=\"1345\" height=\"1600\" src=\"https:\/\/drshurarslan.com\/wp-content\/uploads\/2025\/08\/hakkimizda-banner-img-100825-2.jpg\" class=\"attachment-full size-full\" alt=\"\" srcset=\"https:\/\/drshurarslan.com\/wp-content\/uploads\/2025\/08\/hakkimizda-banner-img-100825-2.jpg 1345w, https:\/\/drshurarslan.com\/wp-content\/uploads\/2025\/08\/hakkimizda-banner-img-100825-2-252x300.jpg 252w, https:\/\/drshurarslan.com\/wp-content\/uploads\/2025\/08\/hakkimizda-banner-img-100825-2-861x1024.jpg 861w, https:\/\/drshurarslan.com\/wp-content\/uploads\/2025\/08\/hakkimizda-banner-img-100825-2-768x914.jpg 768w, https:\/\/drshurarslan.com\/wp-content\/uploads\/2025\/08\/hakkimizda-banner-img-100825-2-1291x1536.jpg 1291w, https:\/\/drshurarslan.com\/wp-content\/uploads\/2025\/08\/hakkimizda-banner-img-100825-2-1080x1285.jpg 1080w, https:\/\/drshurarslan.com\/wp-content\/uploads\/2025\/08\/hakkimizda-banner-img-100825-2-150x178.jpg 150w\" sizes=\"auto, (max-width: 1345px) 100vw, 1345px\" \/>\n\t\t\t\t\t<\/div>\n\t\t<\/div><\/div><\/div><\/div>\n<\/div>","protected":false},"excerpt":{"rendered":"Hakk\u0131m\u0131zda Drs H\u00fcrarslan, t\u00fcketici memnuniyetini temel ilke edinmi\u015f, \u0130neg\u00f6l\u2019\u00fcn \u00f6nde gelen mod\u00fcler mobilya ve oturma gruplar\u0131 \u00fcreticilerinden biridir. Modern \u00e7izgiyi","protected":false},"author":1,"featured_media":0,"parent":0,"menu_order":0,"comment_status":"closed","ping_status":"closed","template":"","meta":{"footnotes":""},"class_list":["post-144","page","type-page","status-publish","hentry"],"_links":{"self":[{"href":"https:\/\/drshurarslan.com\/en\/wp-json\/wp\/v2\/pages\/144","targetHints":{"allow":["GET"]}}],"collection":[{"href":"https:\/\/drshurarslan.com\/en\/wp-json\/wp\/v2\/pages"}],"about":[{"href":"https:\/\/drshurarslan.com\/en\/wp-json\/wp\/v2\/types\/page"}],"author":[{"embeddable":true,"href":"https:\/\/drshurarslan.com\/en\/wp-json\/wp\/v2\/users\/1"}],"replies":[{"embeddable":true,"href":"https:\/\/drshurarslan.com\/en\/wp-json\/wp\/v2\/comments?post=144"}],"version-history":[{"count":7,"href":"https:\/\/drshurarslan.com\/en\/wp-json\/wp\/v2\/pages\/144\/revisions"}],"predecessor-version":[{"id":340,"href":"https:\/\/drshurarslan.com\/en\/wp-json\/wp\/v2\/pages\/144\/revisions\/340"}],"wp:attachment":[{"href":"https:\/\/drshurarslan.com\/en\/wp-json\/wp\/v2\/media?parent=144"}],"curies":[{"name":"wp","href":"https:\/\/api.w.org\/{rel}","templated":true}]}}