{"id":433,"date":"2026-02-09T06:29:16","date_gmt":"2026-02-09T06:29:16","guid":{"rendered":"https:\/\/drshurarslan.com\/?post_type=product&#038;p=433"},"modified":"2026-02-09T06:30:55","modified_gmt":"2026-02-09T06:30:55","slug":"roza-yemek-odasi","status":"publish","type":"product","link":"https:\/\/drshurarslan.com\/ar\/product\/roza-yemek-odasi\/","title":{"rendered":"Roza Yemek Odas\u0131"},"content":{"rendered":"","protected":false},"excerpt":{"rendered":"<p>Zarif tasar\u0131m\u0131 ve \u00f6zenli i\u015f\u00e7ili\u011fiyle \u00f6ne \u00e7\u0131kan bu yemek odas\u0131 tak\u0131m\u0131, sofralar\u0131n\u0131za estetik ve s\u0131cak bir ambiyans kazand\u0131r\u0131r. Rahat oturum sunan sandalyeleri sayesinde, ister g\u00fcnl\u00fck yemeklerde ister kalabal\u0131k davetlerde konforlu bir deneyim sa\u011flar.<\/p>","protected":false},"featured_media":442,"template":"","meta":[],"product_brand":[],"product_cat":[15,19],"product_tag":[],"class_list":{"0":"post-433","1":"product","2":"type-product","3":"status-publish","4":"has-post-thumbnail","6":"product_cat-tum-urunler","7":"product_cat-yemek-odalari","9":"first","10":"instock","11":"shipping-taxable","12":"product-type-simple"},"_links":{"self":[{"href":"https:\/\/drshurarslan.com\/ar\/wp-json\/wp\/v2\/product\/433","targetHints":{"allow":["GET"]}}],"collection":[{"href":"https:\/\/drshurarslan.com\/ar\/wp-json\/wp\/v2\/product"}],"about":[{"href":"https:\/\/drshurarslan.com\/ar\/wp-json\/wp\/v2\/types\/product"}],"wp:featuredmedia":[{"embeddable":true,"href":"https:\/\/drshurarslan.com\/ar\/wp-json\/wp\/v2\/media\/442"}],"wp:attachment":[{"href":"https:\/\/drshurarslan.com\/ar\/wp-json\/wp\/v2\/media?parent=433"}],"wp:term":[{"taxonomy":"product_brand","embeddable":true,"href":"https:\/\/drshurarslan.com\/ar\/wp-json\/wp\/v2\/product_brand?post=433"},{"taxonomy":"product_cat","embeddable":true,"href":"https:\/\/drshurarslan.com\/ar\/wp-json\/wp\/v2\/product_cat?post=433"},{"taxonomy":"product_tag","embeddable":true,"href":"https:\/\/drshurarslan.com\/ar\/wp-json\/wp\/v2\/product_tag?post=433"}],"curies":[{"name":"wp","href":"https:\/\/api.w.org\/{rel}","templated":true}]}}