{"id":429,"date":"2026-02-09T06:27:00","date_gmt":"2026-02-09T06:27:00","guid":{"rendered":"https:\/\/drshurarslan.com\/?post_type=product&#038;p=429"},"modified":"2026-02-09T06:28:51","modified_gmt":"2026-02-09T06:28:51","slug":"roza-yatak-odasi","status":"publish","type":"product","link":"https:\/\/drshurarslan.com\/ar\/product\/roza-yatak-odasi\/","title":{"rendered":"Roza Yatak Odas\u0131"},"content":{"rendered":"","protected":false},"excerpt":{"rendered":"<p>Fonksiyonel yap\u0131y\u0131 modern tasar\u0131m anlay\u0131\u015f\u0131yla bir araya getiren bu tak\u0131m, zarif detaylar\u0131yla yatak odan\u0131za estetik bir hava kazand\u0131r\u0131r. Sade ve uyumlu \u00e7izgileri sayesinde dinlendirici, konforlu ve keyifli bir atmosfer olu\u015fturur.<\/p>","protected":false},"featured_media":431,"template":"","meta":[],"product_brand":[],"product_cat":[15,20],"product_tag":[],"class_list":{"0":"post-429","1":"product","2":"type-product","3":"status-publish","4":"has-post-thumbnail","6":"product_cat-tum-urunler","7":"product_cat-yatak-odalari","9":"first","10":"instock","11":"shipping-taxable","12":"product-type-simple"},"_links":{"self":[{"href":"https:\/\/drshurarslan.com\/ar\/wp-json\/wp\/v2\/product\/429","targetHints":{"allow":["GET"]}}],"collection":[{"href":"https:\/\/drshurarslan.com\/ar\/wp-json\/wp\/v2\/product"}],"about":[{"href":"https:\/\/drshurarslan.com\/ar\/wp-json\/wp\/v2\/types\/product"}],"wp:featuredmedia":[{"embeddable":true,"href":"https:\/\/drshurarslan.com\/ar\/wp-json\/wp\/v2\/media\/431"}],"wp:attachment":[{"href":"https:\/\/drshurarslan.com\/ar\/wp-json\/wp\/v2\/media?parent=429"}],"wp:term":[{"taxonomy":"product_brand","embeddable":true,"href":"https:\/\/drshurarslan.com\/ar\/wp-json\/wp\/v2\/product_brand?post=429"},{"taxonomy":"product_cat","embeddable":true,"href":"https:\/\/drshurarslan.com\/ar\/wp-json\/wp\/v2\/product_cat?post=429"},{"taxonomy":"product_tag","embeddable":true,"href":"https:\/\/drshurarslan.com\/ar\/wp-json\/wp\/v2\/product_tag?post=429"}],"curies":[{"name":"wp","href":"https:\/\/api.w.org\/{rel}","templated":true}]}}