{"id":427,"date":"2026-02-09T06:25:18","date_gmt":"2026-02-09T06:25:18","guid":{"rendered":"https:\/\/drshurarslan.com\/?post_type=product&#038;p=427"},"modified":"2026-02-09T06:26:31","modified_gmt":"2026-02-09T06:26:31","slug":"inci-tv-unitesi","status":"publish","type":"product","link":"https:\/\/drshurarslan.com\/ar\/product\/inci-tv-unitesi\/","title":{"rendered":"\u0130nci Tv \u00dcnitesi"},"content":{"rendered":"","protected":false},"excerpt":{"rendered":"<p>Modern \u00e7izgileri ve pratik depolama \u00e7\u00f6z\u00fcmleriyle \u00f6ne \u00e7\u0131kan bu TV \u00fcnitesi, ya\u015fam alan\u0131n\u0131zda d\u00fczeni sa\u011flarken estetik bir duru\u015f sergiler. \u015e\u0131k tasar\u0131m\u0131yla dekorasyonunuza uyumlu ve tamamlay\u0131c\u0131 bir etki sunar.<\/p>","protected":false},"featured_media":428,"template":"","meta":[],"product_brand":[],"product_cat":[15,26],"product_tag":[],"class_list":{"0":"post-427","1":"product","2":"type-product","3":"status-publish","4":"has-post-thumbnail","6":"product_cat-tum-urunler","7":"product_cat-tv-uniteleri","9":"first","10":"instock","11":"shipping-taxable","12":"product-type-simple"},"_links":{"self":[{"href":"https:\/\/drshurarslan.com\/ar\/wp-json\/wp\/v2\/product\/427","targetHints":{"allow":["GET"]}}],"collection":[{"href":"https:\/\/drshurarslan.com\/ar\/wp-json\/wp\/v2\/product"}],"about":[{"href":"https:\/\/drshurarslan.com\/ar\/wp-json\/wp\/v2\/types\/product"}],"wp:featuredmedia":[{"embeddable":true,"href":"https:\/\/drshurarslan.com\/ar\/wp-json\/wp\/v2\/media\/428"}],"wp:attachment":[{"href":"https:\/\/drshurarslan.com\/ar\/wp-json\/wp\/v2\/media?parent=427"}],"wp:term":[{"taxonomy":"product_brand","embeddable":true,"href":"https:\/\/drshurarslan.com\/ar\/wp-json\/wp\/v2\/product_brand?post=427"},{"taxonomy":"product_cat","embeddable":true,"href":"https:\/\/drshurarslan.com\/ar\/wp-json\/wp\/v2\/product_cat?post=427"},{"taxonomy":"product_tag","embeddable":true,"href":"https:\/\/drshurarslan.com\/ar\/wp-json\/wp\/v2\/product_tag?post=427"}],"curies":[{"name":"wp","href":"https:\/\/api.w.org\/{rel}","templated":true}]}}