{"id":425,"date":"2026-02-09T06:20:46","date_gmt":"2026-02-09T06:20:46","guid":{"rendered":"https:\/\/drshurarslan.com\/?post_type=product&#038;p=425"},"modified":"2026-02-09T06:25:05","modified_gmt":"2026-02-09T06:25:05","slug":"inci-yemek-odasi","status":"publish","type":"product","link":"https:\/\/drshurarslan.com\/ar\/product\/inci-yemek-odasi\/","title":{"rendered":"\u0130nci Yemek Odas\u0131"},"content":{"rendered":"","protected":false},"excerpt":{"rendered":"<p>\u0130nce detaylar\u0131 ve kaliteli i\u015f\u00e7ili\u011fiyle dikkat \u00e7eken bu yemek odas\u0131 tak\u0131m\u0131, sofralar\u0131n\u0131za \u015f\u0131k ve davetk\u00e2r bir atmosfer kazand\u0131r\u0131r. Ergonomik sandalyeleriyle hem g\u00fcnl\u00fck kullan\u0131mlarda hem de uzun sofralarda konforu \u00f6n planda tutar.<\/p>","protected":false},"featured_media":426,"template":"","meta":[],"product_brand":[],"product_cat":[15,19],"product_tag":[],"class_list":{"0":"post-425","1":"product","2":"type-product","3":"status-publish","4":"has-post-thumbnail","6":"product_cat-tum-urunler","7":"product_cat-yemek-odalari","9":"first","10":"instock","11":"shipping-taxable","12":"product-type-simple"},"_links":{"self":[{"href":"https:\/\/drshurarslan.com\/ar\/wp-json\/wp\/v2\/product\/425","targetHints":{"allow":["GET"]}}],"collection":[{"href":"https:\/\/drshurarslan.com\/ar\/wp-json\/wp\/v2\/product"}],"about":[{"href":"https:\/\/drshurarslan.com\/ar\/wp-json\/wp\/v2\/types\/product"}],"wp:featuredmedia":[{"embeddable":true,"href":"https:\/\/drshurarslan.com\/ar\/wp-json\/wp\/v2\/media\/426"}],"wp:attachment":[{"href":"https:\/\/drshurarslan.com\/ar\/wp-json\/wp\/v2\/media?parent=425"}],"wp:term":[{"taxonomy":"product_brand","embeddable":true,"href":"https:\/\/drshurarslan.com\/ar\/wp-json\/wp\/v2\/product_brand?post=425"},{"taxonomy":"product_cat","embeddable":true,"href":"https:\/\/drshurarslan.com\/ar\/wp-json\/wp\/v2\/product_cat?post=425"},{"taxonomy":"product_tag","embeddable":true,"href":"https:\/\/drshurarslan.com\/ar\/wp-json\/wp\/v2\/product_tag?post=425"}],"curies":[{"name":"wp","href":"https:\/\/api.w.org\/{rel}","templated":true}]}}