{"id":419,"date":"2026-02-09T06:18:24","date_gmt":"2026-02-09T06:18:24","guid":{"rendered":"https:\/\/drshurarslan.com\/?post_type=product&#038;p=419"},"modified":"2026-02-09T06:20:28","modified_gmt":"2026-02-09T06:20:28","slug":"inci-yatak-odasi","status":"publish","type":"product","link":"https:\/\/drshurarslan.com\/ar\/product\/inci-yatak-odasi\/","title":{"rendered":"\u0130nci Yatak Odas\u0131"},"content":{"rendered":"","protected":false},"excerpt":{"rendered":"<p>Modern esteti\u011fi fonksiyonellikle bulu\u015fturan bu tak\u0131m, ince d\u00fc\u015f\u00fcn\u00fclm\u00fc\u015f detaylar\u0131yla yatak odan\u0131za \u015f\u0131kl\u0131k katar. Dengeli \u00e7izgileri ve kullan\u0131\u015fl\u0131 yap\u0131s\u0131 sayesinde huzurlu, rahat ve keyifli bir ya\u015fam alan\u0131 sunar.<\/p>","protected":false},"featured_media":421,"template":"","meta":[],"product_brand":[],"product_cat":[15,20],"product_tag":[],"class_list":{"0":"post-419","1":"product","2":"type-product","3":"status-publish","4":"has-post-thumbnail","6":"product_cat-tum-urunler","7":"product_cat-yatak-odalari","9":"first","10":"instock","11":"shipping-taxable","12":"product-type-simple"},"_links":{"self":[{"href":"https:\/\/drshurarslan.com\/ar\/wp-json\/wp\/v2\/product\/419","targetHints":{"allow":["GET"]}}],"collection":[{"href":"https:\/\/drshurarslan.com\/ar\/wp-json\/wp\/v2\/product"}],"about":[{"href":"https:\/\/drshurarslan.com\/ar\/wp-json\/wp\/v2\/types\/product"}],"wp:featuredmedia":[{"embeddable":true,"href":"https:\/\/drshurarslan.com\/ar\/wp-json\/wp\/v2\/media\/421"}],"wp:attachment":[{"href":"https:\/\/drshurarslan.com\/ar\/wp-json\/wp\/v2\/media?parent=419"}],"wp:term":[{"taxonomy":"product_brand","embeddable":true,"href":"https:\/\/drshurarslan.com\/ar\/wp-json\/wp\/v2\/product_brand?post=419"},{"taxonomy":"product_cat","embeddable":true,"href":"https:\/\/drshurarslan.com\/ar\/wp-json\/wp\/v2\/product_cat?post=419"},{"taxonomy":"product_tag","embeddable":true,"href":"https:\/\/drshurarslan.com\/ar\/wp-json\/wp\/v2\/product_tag?post=419"}],"curies":[{"name":"wp","href":"https:\/\/api.w.org\/{rel}","templated":true}]}}