{"id":396,"date":"2026-02-01T20:27:06","date_gmt":"2026-02-01T20:27:06","guid":{"rendered":"https:\/\/drshurarslan.com\/?post_type=product&#038;p=396"},"modified":"2026-02-01T20:29:00","modified_gmt":"2026-02-01T20:29:00","slug":"lorenza-tv-unitesi","status":"publish","type":"product","link":"https:\/\/drshurarslan.com\/ar\/product\/lorenza-tv-unitesi\/","title":{"rendered":"Lorenza Tv \u00dcnitesi"},"content":{"rendered":"","protected":false},"excerpt":{"rendered":"<p>Fonksiyonel depolama alanlar\u0131 ve \u00e7a\u011fda\u015f tasar\u0131m\u0131yla dikkat \u00e7eken bu TV \u00fcnitesi, ya\u015fam alan\u0131n\u0131za hem d\u00fczen hem de \u015f\u0131k bir g\u00f6r\u00fcn\u00fcm kazand\u0131r\u0131r.<\/p>","protected":false},"featured_media":397,"template":"","meta":[],"product_brand":[],"product_cat":[15,26],"product_tag":[],"class_list":{"0":"post-396","1":"product","2":"type-product","3":"status-publish","4":"has-post-thumbnail","6":"product_cat-tum-urunler","7":"product_cat-tv-uniteleri","9":"first","10":"instock","11":"shipping-taxable","12":"product-type-simple"},"_links":{"self":[{"href":"https:\/\/drshurarslan.com\/ar\/wp-json\/wp\/v2\/product\/396","targetHints":{"allow":["GET"]}}],"collection":[{"href":"https:\/\/drshurarslan.com\/ar\/wp-json\/wp\/v2\/product"}],"about":[{"href":"https:\/\/drshurarslan.com\/ar\/wp-json\/wp\/v2\/types\/product"}],"wp:featuredmedia":[{"embeddable":true,"href":"https:\/\/drshurarslan.com\/ar\/wp-json\/wp\/v2\/media\/397"}],"wp:attachment":[{"href":"https:\/\/drshurarslan.com\/ar\/wp-json\/wp\/v2\/media?parent=396"}],"wp:term":[{"taxonomy":"product_brand","embeddable":true,"href":"https:\/\/drshurarslan.com\/ar\/wp-json\/wp\/v2\/product_brand?post=396"},{"taxonomy":"product_cat","embeddable":true,"href":"https:\/\/drshurarslan.com\/ar\/wp-json\/wp\/v2\/product_cat?post=396"},{"taxonomy":"product_tag","embeddable":true,"href":"https:\/\/drshurarslan.com\/ar\/wp-json\/wp\/v2\/product_tag?post=396"}],"curies":[{"name":"wp","href":"https:\/\/api.w.org\/{rel}","templated":true}]}}