{"id":283,"date":"2025-08-23T14:08:54","date_gmt":"2025-08-23T14:08:54","guid":{"rendered":"https:\/\/drshurarslan.com\/?post_type=product&#038;p=283"},"modified":"2026-02-01T20:18:52","modified_gmt":"2026-02-01T20:18:52","slug":"elips-yatak-odasi","status":"publish","type":"product","link":"https:\/\/drshurarslan.com\/ar\/product\/elips-yatak-odasi\/","title":{"rendered":"\u063a\u0631\u0641\u0629 \u0646\u0648\u0645 \u0627\u0644\u0642\u0637\u0639 \u0627\u0644\u0646\u0627\u0642\u0635"},"content":{"rendered":"","protected":false},"excerpt":{"rendered":"<p>Geni\u015f depolama alan\u0131, estetik ba\u015fl\u0131k tasar\u0131m\u0131 ve modern \u00e7izgileriyle bu yatak odas\u0131 tak\u0131m\u0131, hem \u015f\u0131kl\u0131\u011f\u0131 hem de kullan\u0131\u015fl\u0131 yap\u0131s\u0131yla \u00f6ne \u00e7\u0131kar. Kaliteli i\u015f\u00e7ili\u011fi sayesinde uzun \u00f6m\u00fcrl\u00fcd\u00fcr.<\/p>","protected":false},"featured_media":378,"template":"","meta":[],"product_brand":[],"product_cat":[15,20],"product_tag":[],"class_list":{"0":"post-283","1":"product","2":"type-product","3":"status-publish","4":"has-post-thumbnail","6":"product_cat-tum-urunler","7":"product_cat-yatak-odalari","9":"first","10":"instock","11":"shipping-taxable","12":"product-type-simple"},"_links":{"self":[{"href":"https:\/\/drshurarslan.com\/ar\/wp-json\/wp\/v2\/product\/283","targetHints":{"allow":["GET"]}}],"collection":[{"href":"https:\/\/drshurarslan.com\/ar\/wp-json\/wp\/v2\/product"}],"about":[{"href":"https:\/\/drshurarslan.com\/ar\/wp-json\/wp\/v2\/types\/product"}],"wp:featuredmedia":[{"embeddable":true,"href":"https:\/\/drshurarslan.com\/ar\/wp-json\/wp\/v2\/media\/378"}],"wp:attachment":[{"href":"https:\/\/drshurarslan.com\/ar\/wp-json\/wp\/v2\/media?parent=283"}],"wp:term":[{"taxonomy":"product_brand","embeddable":true,"href":"https:\/\/drshurarslan.com\/ar\/wp-json\/wp\/v2\/product_brand?post=283"},{"taxonomy":"product_cat","embeddable":true,"href":"https:\/\/drshurarslan.com\/ar\/wp-json\/wp\/v2\/product_cat?post=283"},{"taxonomy":"product_tag","embeddable":true,"href":"https:\/\/drshurarslan.com\/ar\/wp-json\/wp\/v2\/product_tag?post=283"}],"curies":[{"name":"wp","href":"https:\/\/api.w.org\/{rel}","templated":true}]}}