{"id":144,"date":"2025-08-09T11:42:51","date_gmt":"2025-08-09T11:42:51","guid":{"rendered":"https:\/\/hurarslan.kodektif.com\/?page_id=144"},"modified":"2025-08-28T10:03:32","modified_gmt":"2025-08-28T10:03:32","slug":"hakkimizda","status":"publish","type":"page","link":"https:\/\/drshurarslan.com\/ar\/hakkimizda\/","title":{"rendered":"\u0645\u0639\u0644\u0648\u0645\u0627\u062a \u0639\u0646\u0627"},"content":{"rendered":"<div class=\"wpb-content-wrapper\"><div id=\"text-row\" class=\"vc_row wpb_row vc_row-fluid vc_row-o-equal-height vc_row-flex wd-rs-6897586e7b35f\"><div class=\"wpb_column vc_column_container vc_col-sm-6 woodmart-sticky-column wd_sticky_offset_150 wd-rs-6897587390947\"><div class=\"vc_column-inner\"><div class=\"wpb_wrapper\">\t\t<div id=\"wd-68b0295c2c6af\" class=\"wd-text-block wd-wpb reset-last-child wd-rs-68b0295c2c6af text-left\">\n\t\t\t<div class=\"text-content\">\n<h1>\u0645\u0639\u0644\u0648\u0645\u0627\u062a \u0639\u0646\u0627<\/h1>\n<p>\u0627\u0644\u062f\u0643\u062a\u0648\u0631 \u0647\u0648\u0631\u0633\u0644\u0627\u0646 \u0647\u0648 \u0623\u062d\u062f \u0623\u0628\u0631\u0632 \u0645\u0635\u0646\u0639\u064a \u0627\u0644\u0623\u062b\u0627\u062b \u0648\u0627\u0644\u0645\u0642\u0627\u0639\u062f \u0627\u0644\u0645\u0639\u064a\u0627\u0631\u064a\u0629 \u0641\u064a \u0625\u064a\u0646\u062c\u0648\u0644\u060c \u0645\u0644\u062a\u0632\u0645\u0648\u0646 \u0628\u0625\u0631\u0636\u0627\u0621 \u0639\u0645\u0644\u0627\u0626\u0646\u0627. \u062a\u0623\u0633\u0633\u062a \u0634\u0631\u0643\u062a\u0646\u0627 \u0639\u0627\u0645 \u0661\u0669\u0668\u0667\u060c \u0648\u0646\u0639\u062a\u0645\u062f \u0646\u0647\u062c\u064b\u0627 \u062a\u0635\u0645\u064a\u0645\u064a\u064b\u0627 \u0639\u0635\u0631\u064a\u064b\u0627. \u0648\u062a\u062a\u0645\u062a\u0639 \u0634\u0631\u0643\u062a\u0646\u0627 \u0627\u0644\u064a\u0648\u0645 \u0628\u0645\u0643\u0627\u0646\u0629 \u0645\u0631\u0645\u0648\u0642\u0629 \u0641\u064a \u0647\u0630\u0627 \u0627\u0644\u0645\u062c\u0627\u0644 \u0628\u0641\u0636\u0644 \u0645\u0633\u0627\u062d\u0629 \u0625\u0646\u062a\u0627\u062c\u0647\u0627 \u0627\u0644\u0628\u0627\u0644\u063a\u0629 \u0661\u0660,\u0660\u0660\u0660 \u0645\u062a\u0631 \u0645\u0631\u0628\u0639 \u0648\u0628\u0646\u064a\u062a\u0647\u0627 \u0627\u0644\u062a\u062d\u062a\u064a\u0629 \u0627\u0644\u062d\u062f\u064a\u062b\u0629.<\/p>\n<p>\u00d6zg\u00fcn tasar\u0131mlar\u0131m\u0131z\u0131n yan\u0131 s\u0131ra, m\u00fc\u015fteri taleplerine \u00f6zel \u00e7\u00f6z\u00fcmler \u00fcreterek ki\u015fiye ve mek\u00e2na \u00f6zel mobilya \u00fcretimi ger\u00e7ekle\u015ftirmekteyiz. Ayr\u0131ca, konut ve otel projeleri ba\u015fta olmak \u00fczere, farkl\u0131 \u00f6l\u00e7eklerdeki mimari projelere y\u00f6nelik \u00f6zel mobilya \u00e7\u00f6z\u00fcmleri de sunmaktay\u0131z. Amac\u0131m\u0131z; geni\u015f model yelpazesi, zengin renk ve kuma\u015f se\u00e7enekleri ile ya\u015fam alanlar\u0131n\u0131za estetik, konfor ve i\u015flevsellik katmakt\u0131r.<\/p>\n<p>Kalite ve sa\u011flaml\u0131\u011f\u0131 her zaman \u00f6n planda tutarak, \u00fcr\u00fcnlerimizi ekonomik fiyatlarla sunmay\u0131 ilke ediniyoruz. T\u00fcm \u00fcr\u00fcnlerimiz 2 y\u0131l garanti kapsam\u0131ndad\u0131r. Y\u00fcksek standartlara sahip \u00fcretim kapasitemiz sayesinde hem yurt i\u00e7inde hem de yurt d\u0131\u015f\u0131nda geni\u015f bir m\u00fc\u015fteri kitlesine ula\u015fmaktay\u0131z.<\/p>\n<p>Bug\u00fcne kadar oldu\u011fu gibi, bundan sonra da en \u00f6nemli taahh\u00fcd\u00fcm\u00fcz; hizmet ve kalite standartlar\u0131m\u0131z\u0131 en \u00fcst seviyede koruyarak, m\u00fc\u015fterilerimize g\u00fcvenilir ve s\u00fcrd\u00fcr\u00fclebilir \u00e7\u00f6z\u00fcmler sunmakt\u0131r.<\/p>\n<\/div>\n\t\t<\/div>\n\t\t<\/div><\/div><\/div><div class=\"wpb_column vc_column_container vc_col-sm-6\"><div class=\"vc_column-inner\"><div class=\"wpb_wrapper\">\t\t<div id=\"wd-6897580682bc8\" class=\"wd-image wd-wpb wd-rs-6897580682bc8 text-left\">\n\t\t\t\n\t\t\t<img loading=\"lazy\" decoding=\"async\" width=\"1345\" height=\"1600\" src=\"https:\/\/drshurarslan.com\/wp-content\/uploads\/2025\/08\/hakkimizda-banner-img-100825-2.jpg\" class=\"attachment-full size-full\" alt=\"\" srcset=\"https:\/\/drshurarslan.com\/wp-content\/uploads\/2025\/08\/hakkimizda-banner-img-100825-2.jpg 1345w, https:\/\/drshurarslan.com\/wp-content\/uploads\/2025\/08\/hakkimizda-banner-img-100825-2-252x300.jpg 252w, https:\/\/drshurarslan.com\/wp-content\/uploads\/2025\/08\/hakkimizda-banner-img-100825-2-861x1024.jpg 861w, https:\/\/drshurarslan.com\/wp-content\/uploads\/2025\/08\/hakkimizda-banner-img-100825-2-768x914.jpg 768w, https:\/\/drshurarslan.com\/wp-content\/uploads\/2025\/08\/hakkimizda-banner-img-100825-2-1291x1536.jpg 1291w, https:\/\/drshurarslan.com\/wp-content\/uploads\/2025\/08\/hakkimizda-banner-img-100825-2-1080x1285.jpg 1080w, https:\/\/drshurarslan.com\/wp-content\/uploads\/2025\/08\/hakkimizda-banner-img-100825-2-150x178.jpg 150w\" sizes=\"auto, (max-width: 1345px) 100vw, 1345px\" \/>\n\t\t\t\t\t<\/div>\n\t\t<\/div><\/div><\/div><\/div>\n<\/div>","protected":false},"excerpt":{"rendered":"Hakk\u0131m\u0131zda Drs H\u00fcrarslan, t\u00fcketici memnuniyetini temel ilke edinmi\u015f, \u0130neg\u00f6l\u2019\u00fcn \u00f6nde gelen mod\u00fcler mobilya ve oturma gruplar\u0131 \u00fcreticilerinden biridir. Modern \u00e7izgiyi","protected":false},"author":1,"featured_media":0,"parent":0,"menu_order":0,"comment_status":"closed","ping_status":"closed","template":"","meta":{"footnotes":""},"class_list":["post-144","page","type-page","status-publish","hentry"],"_links":{"self":[{"href":"https:\/\/drshurarslan.com\/ar\/wp-json\/wp\/v2\/pages\/144","targetHints":{"allow":["GET"]}}],"collection":[{"href":"https:\/\/drshurarslan.com\/ar\/wp-json\/wp\/v2\/pages"}],"about":[{"href":"https:\/\/drshurarslan.com\/ar\/wp-json\/wp\/v2\/types\/page"}],"author":[{"embeddable":true,"href":"https:\/\/drshurarslan.com\/ar\/wp-json\/wp\/v2\/users\/1"}],"replies":[{"embeddable":true,"href":"https:\/\/drshurarslan.com\/ar\/wp-json\/wp\/v2\/comments?post=144"}],"version-history":[{"count":7,"href":"https:\/\/drshurarslan.com\/ar\/wp-json\/wp\/v2\/pages\/144\/revisions"}],"predecessor-version":[{"id":340,"href":"https:\/\/drshurarslan.com\/ar\/wp-json\/wp\/v2\/pages\/144\/revisions\/340"}],"wp:attachment":[{"href":"https:\/\/drshurarslan.com\/ar\/wp-json\/wp\/v2\/media?parent=144"}],"curies":[{"name":"wp","href":"https:\/\/api.w.org\/{rel}","templated":true}]}}